{"id":103,"date":"2024-02-24T15:49:35","date_gmt":"2024-02-24T20:49:35","guid":{"rendered":"https:\/\/mecanicasuelospavimentosconcretos.com\/content\/?page_id=103"},"modified":"2025-12-05T17:35:59","modified_gmt":"2025-12-05T22:35:59","slug":"acerca-de","status":"publish","type":"page","link":"https:\/\/mecanicasuelospavimentosconcretos.com\/content\/acerca-de\/","title":{"rendered":"Acerca de"},"content":{"rendered":"\t\t<div data-elementor-type=\"wp-page\" data-elementor-id=\"103\" class=\"elementor elementor-103\" data-elementor-post-type=\"page\">\n\t\t\t\t<div class=\"elementor-element elementor-element-51b9d4a4 e-flex e-con-boxed e-con e-parent\" data-id=\"51b9d4a4\" data-element_type=\"container\" data-settings=\"{&quot;background_background&quot;:&quot;classic&quot;,&quot;content_width&quot;:&quot;boxed&quot;}\" data-core-v316-plus=\"true\">\n\t\t\t\t\t<div class=\"e-con-inner\">\n\t\t\t\t<div class=\"elementor-element elementor-element-16764ac4 elementor-widget elementor-widget-heading\" data-id=\"16764ac4\" data-element_type=\"widget\" data-widget_type=\"heading.default\">\n\t\t\t\t<div class=\"elementor-widget-container\">\n\t\t\t<style>\/*! elementor - v3.19.0 - 28-02-2024 *\/\n.elementor-heading-title{padding:0;margin:0;line-height:1}.elementor-widget-heading .elementor-heading-title[class*=elementor-size-]>a{color:inherit;font-size:inherit;line-height:inherit}.elementor-widget-heading .elementor-heading-title.elementor-size-small{font-size:15px}.elementor-widget-heading .elementor-heading-title.elementor-size-medium{font-size:19px}.elementor-widget-heading .elementor-heading-title.elementor-size-large{font-size:29px}.elementor-widget-heading .elementor-heading-title.elementor-size-xl{font-size:39px}.elementor-widget-heading .elementor-heading-title.elementor-size-xxl{font-size:59px}<\/style><h5 class=\"elementor-heading-title elementor-size-default\">Acerca de<\/h5>\t\t<\/div>\n\t\t\t\t<\/div>\n\t\t\t\t<div class=\"elementor-element elementor-element-6b7ac0a4 animated-slow elementor-invisible elementor-widget elementor-widget-heading\" data-id=\"6b7ac0a4\" data-element_type=\"widget\" data-settings=\"{&quot;_animation&quot;:&quot;slideInUp&quot;}\" data-widget_type=\"heading.default\">\n\t\t\t\t<div class=\"elementor-widget-container\">\n\t\t\t<h2 class=\"elementor-heading-title elementor-size-default\">Conoce acerca de Mec\u00e1nica de Suelos Pavimentos y Concretos S.A.S.<\/h2>\t\t<\/div>\n\t\t\t\t<\/div>\n\t\t\t\t<div class=\"elementor-element elementor-element-73fd2e48 elementor-widget elementor-widget-spacer\" data-id=\"73fd2e48\" data-element_type=\"widget\" data-widget_type=\"spacer.default\">\n\t\t\t\t<div class=\"elementor-widget-container\">\n\t\t\t<style>\/*! elementor - v3.19.0 - 28-02-2024 *\/\n.elementor-column .elementor-spacer-inner{height:var(--spacer-size)}.e-con{--container-widget-width:100%}.e-con-inner>.elementor-widget-spacer,.e-con>.elementor-widget-spacer{width:var(--container-widget-width,var(--spacer-size));--align-self:var(--container-widget-align-self,initial);--flex-shrink:0}.e-con-inner>.elementor-widget-spacer>.elementor-widget-container,.e-con>.elementor-widget-spacer>.elementor-widget-container{height:100%;width:100%}.e-con-inner>.elementor-widget-spacer>.elementor-widget-container>.elementor-spacer,.e-con>.elementor-widget-spacer>.elementor-widget-container>.elementor-spacer{height:100%}.e-con-inner>.elementor-widget-spacer>.elementor-widget-container>.elementor-spacer>.elementor-spacer-inner,.e-con>.elementor-widget-spacer>.elementor-widget-container>.elementor-spacer>.elementor-spacer-inner{height:var(--container-widget-height,var(--spacer-size))}.e-con-inner>.elementor-widget-spacer.elementor-widget-empty,.e-con>.elementor-widget-spacer.elementor-widget-empty{position:relative;min-height:22px;min-width:22px}.e-con-inner>.elementor-widget-spacer.elementor-widget-empty .elementor-widget-empty-icon,.e-con>.elementor-widget-spacer.elementor-widget-empty .elementor-widget-empty-icon{position:absolute;top:0;bottom:0;left:0;right:0;margin:auto;padding:0;width:22px;height:22px}<\/style>\t\t<div class=\"elementor-spacer\">\n\t\t\t<div class=\"elementor-spacer-inner\"><\/div>\n\t\t<\/div>\n\t\t\t\t<\/div>\n\t\t\t\t<\/div>\n\t\t\t\t<div class=\"elementor-element elementor-element-2d8bd91e elementor-widget elementor-widget-image\" data-id=\"2d8bd91e\" data-element_type=\"widget\" data-widget_type=\"image.default\">\n\t\t\t\t<div class=\"elementor-widget-container\">\n\t\t\t<style>\/*! elementor - v3.19.0 - 28-02-2024 *\/\n.elementor-widget-image{text-align:center}.elementor-widget-image a{display:inline-block}.elementor-widget-image a img[src$=\".svg\"]{width:48px}.elementor-widget-image img{vertical-align:middle;display:inline-block}<\/style>\t\t\t\t\t\t\t\t\t\t<img decoding=\"async\" src=\"https:\/\/mecanicasuelospavimentosconcretos.com\/content\/wp-content\/uploads\/elementor\/thumbs\/foto-4-scaled-qpd9q91m6cx45lqmacne1tjesvj5d0hf9cmr5kkqko.jpg\" title=\"foto 4\" alt=\"foto 4\" loading=\"lazy\" \/>\t\t\t\t\t\t\t\t\t\t\t\t\t<\/div>\n\t\t\t\t<\/div>\n\t\t\t\t<div class=\"elementor-element elementor-element-3ecaf545 elementor-widget elementor-widget-spacer\" data-id=\"3ecaf545\" data-element_type=\"widget\" data-widget_type=\"spacer.default\">\n\t\t\t\t<div class=\"elementor-widget-container\">\n\t\t\t\t\t<div class=\"elementor-spacer\">\n\t\t\t<div class=\"elementor-spacer-inner\"><\/div>\n\t\t<\/div>\n\t\t\t\t<\/div>\n\t\t\t\t<\/div>\n\t\t\t\t\t<\/div>\n\t\t\t\t<\/div>\n\t\t<div class=\"elementor-element elementor-element-32ed50c9 e-flex e-con-boxed e-con e-parent\" data-id=\"32ed50c9\" data-element_type=\"container\" data-settings=\"{&quot;background_background&quot;:&quot;classic&quot;,&quot;content_width&quot;:&quot;boxed&quot;}\" data-core-v316-plus=\"true\">\n\t\t\t\t\t<div class=\"e-con-inner\">\n\t\t<div class=\"elementor-element elementor-element-49e237ce e-flex e-con-boxed e-con e-child\" data-id=\"49e237ce\" data-element_type=\"container\" data-settings=\"{&quot;content_width&quot;:&quot;boxed&quot;}\">\n\t\t\t\t\t<div class=\"e-con-inner\">\n\t\t<div class=\"elementor-element elementor-element-7d76b165 e-con-full e-flex elementor-invisible e-con e-child\" data-id=\"7d76b165\" data-element_type=\"container\" data-settings=\"{&quot;content_width&quot;:&quot;full&quot;,&quot;animation&quot;:&quot;slideInLeft&quot;}\">\n\t\t\t\t<div class=\"elementor-element elementor-element-5b0dccba elementor-widget elementor-widget-heading\" data-id=\"5b0dccba\" data-element_type=\"widget\" data-widget_type=\"heading.default\">\n\t\t\t\t<div class=\"elementor-widget-container\">\n\t\t\t<h5 class=\"elementor-heading-title elementor-size-default\">01. MEC\u00c1NICA DE SUELOS PAVIMENTOS Y CONCRETOS S.A.S<\/h5>\t\t<\/div>\n\t\t\t\t<\/div>\n\t\t\t\t<div class=\"elementor-element elementor-element-60d0e215 elementor-widget elementor-widget-heading\" data-id=\"60d0e215\" data-element_type=\"widget\" data-widget_type=\"heading.default\">\n\t\t\t\t<div class=\"elementor-widget-container\">\n\t\t\t<h3 class=\"elementor-heading-title elementor-size-default\">Misi\u00f3n.<\/h3>\t\t<\/div>\n\t\t\t\t<\/div>\n\t\t\t\t<div class=\"elementor-element elementor-element-5fa1d17 elementor-widget elementor-widget-text-editor\" data-id=\"5fa1d17\" data-element_type=\"widget\" data-widget_type=\"text-editor.default\">\n\t\t\t\t<div class=\"elementor-widget-container\">\n\t\t\t<style>\/*! elementor - v3.19.0 - 28-02-2024 *\/\n.elementor-widget-text-editor.elementor-drop-cap-view-stacked .elementor-drop-cap{background-color:#69727d;color:#fff}.elementor-widget-text-editor.elementor-drop-cap-view-framed .elementor-drop-cap{color:#69727d;border:3px solid;background-color:transparent}.elementor-widget-text-editor:not(.elementor-drop-cap-view-default) .elementor-drop-cap{margin-top:8px}.elementor-widget-text-editor:not(.elementor-drop-cap-view-default) .elementor-drop-cap-letter{width:1em;height:1em}.elementor-widget-text-editor .elementor-drop-cap{float:left;text-align:center;line-height:1;font-size:50px}.elementor-widget-text-editor .elementor-drop-cap-letter{display:inline-block}<\/style>\t\t\t\t<p><strong>C\u00f3digo:<\/strong> GE-OD-001<br \/><strong>Versi\u00f3n: <\/strong>01<strong><br \/><\/strong><strong>Fecha:\u00a0<\/strong>24-04-2023<br \/><br \/><\/p>\t\t\t\t\t\t<\/div>\n\t\t\t\t<\/div>\n\t\t\t\t<\/div>\n\t\t<div class=\"elementor-element elementor-element-3978dd0c e-con-full animated-slow e-flex elementor-invisible e-con e-child\" data-id=\"3978dd0c\" data-element_type=\"container\" data-settings=\"{&quot;content_width&quot;:&quot;full&quot;,&quot;animation&quot;:&quot;slideInUp&quot;}\">\n\t\t\t\t<div class=\"elementor-element elementor-element-29741800 elementor-widget elementor-widget-text-editor\" data-id=\"29741800\" data-element_type=\"widget\" data-widget_type=\"text-editor.default\">\n\t\t\t\t<div class=\"elementor-widget-container\">\n\t\t\t\t\t\t\t<p>Somos un laboratorio de suelos orientado al acompa\u00f1amiento en los procesos constructivos, consultor\u00eda e interventor\u00eda de obras civiles, con \u00e9nfasis en servicios de control de calidad; contamos con un personal profesional y t\u00e9cnico con objetividad y criterio para garantizar el cumplimiento del marco legal vigente, satisfaciendo las necesidades y expectativas de nuestros clientes.<\/p>\t\t\t\t\t\t<\/div>\n\t\t\t\t<\/div>\n\t\t\t\t<\/div>\n\t\t\t\t\t<\/div>\n\t\t\t\t<\/div>\n\t\t<div class=\"elementor-element elementor-element-244f7f8 e-con-full e-flex e-con e-child\" data-id=\"244f7f8\" data-element_type=\"container\" data-settings=\"{&quot;content_width&quot;:&quot;full&quot;}\">\n\t\t\t\t<div class=\"elementor-element elementor-element-ec95d66 elementor-align-left elementor-widget__width-initial elementor-widget elementor-widget-button\" data-id=\"ec95d66\" data-element_type=\"widget\" data-widget_type=\"button.default\">\n\t\t\t\t<div class=\"elementor-widget-container\">\n\t\t\t\t\t<div class=\"elementor-button-wrapper\">\n\t\t\t<a class=\"elementor-button elementor-button-link elementor-size-sm elementor-animation-float\" href=\"#\">\n\t\t\t\t\t\t<span class=\"elementor-button-content-wrapper\">\n\t\t\t\t\t\t<span class=\"elementor-button-text\">Nuestro Equipo<\/span>\n\t\t<\/span>\n\t\t\t\t\t<\/a>\n\t\t<\/div>\n\t\t\t\t<\/div>\n\t\t\t\t<\/div>\n\t\t\t\t<div class=\"elementor-element elementor-element-61f1340f elementor-widget__width-initial elementor-widget elementor-widget-image\" data-id=\"61f1340f\" data-element_type=\"widget\" data-widget_type=\"image.default\">\n\t\t\t\t<div class=\"elementor-widget-container\">\n\t\t\t\t\t\t\t\t\t\t\t\t\t<img decoding=\"async\" src=\"https:\/\/mecanicasuelospavimentosconcretos.com\/content\/wp-content\/uploads\/elementor\/thumbs\/foto-5-scaled-qpd9qzd3hpx56ooe0o0xzmwbfnxfcjdwoywclbhpqg.jpg\" title=\"foto 5\" alt=\"foto 5\" loading=\"lazy\" \/>\t\t\t\t\t\t\t\t\t\t\t\t\t<\/div>\n\t\t\t\t<\/div>\n\t\t\t\t<\/div>\n\t\t\t\t\t<\/div>\n\t\t\t\t<\/div>\n\t\t<div class=\"elementor-element elementor-element-4a8dcef5 e-con-full e-flex e-con e-parent\" data-id=\"4a8dcef5\" data-element_type=\"container\" data-settings=\"{&quot;background_background&quot;:&quot;video&quot;,&quot;content_width&quot;:&quot;full&quot;,&quot;background_video_start&quot;:28,&quot;background_video_end&quot;:33}\" data-core-v316-plus=\"true\">\n\t\t\t\t<div class=\"elementor-element elementor-element-5e0d9f7f elementor-widget__width-initial elementor-widget elementor-widget-heading\" data-id=\"5e0d9f7f\" data-element_type=\"widget\" data-widget_type=\"heading.default\">\n\t\t\t\t<div class=\"elementor-widget-container\">\n\t\t\t<h3 class=\"elementor-heading-title elementor-size-default\">+30 A\u00f1os de Experiencia en el mercado.<\/h3>\t\t<\/div>\n\t\t\t\t<\/div>\n\t\t\t\t<\/div>\n\t\t<div class=\"elementor-element elementor-element-4893d9e7 e-flex e-con-boxed e-con e-parent\" data-id=\"4893d9e7\" data-element_type=\"container\" data-settings=\"{&quot;background_background&quot;:&quot;classic&quot;,&quot;content_width&quot;:&quot;boxed&quot;}\" data-core-v316-plus=\"true\">\n\t\t\t\t\t<div class=\"e-con-inner\">\n\t\t<div class=\"elementor-element elementor-element-6a4b76be e-flex e-con-boxed e-con e-child\" data-id=\"6a4b76be\" data-element_type=\"container\" data-settings=\"{&quot;content_width&quot;:&quot;boxed&quot;}\">\n\t\t\t\t\t<div class=\"e-con-inner\">\n\t\t<div class=\"elementor-element elementor-element-7cfe515e e-con-full e-flex elementor-invisible e-con e-child\" data-id=\"7cfe515e\" data-element_type=\"container\" data-settings=\"{&quot;content_width&quot;:&quot;full&quot;,&quot;animation&quot;:&quot;slideInLeft&quot;}\">\n\t\t\t\t<div class=\"elementor-element elementor-element-2fb67c3d elementor-widget elementor-widget-heading\" data-id=\"2fb67c3d\" data-element_type=\"widget\" data-widget_type=\"heading.default\">\n\t\t\t\t<div class=\"elementor-widget-container\">\n\t\t\t<h5 class=\"elementor-heading-title elementor-size-default\">02.  MEC\u00c1NICA DE SUELOS PAVIMENTOS Y CONCRETOS S.A.S<\/h5>\t\t<\/div>\n\t\t\t\t<\/div>\n\t\t\t\t<div class=\"elementor-element elementor-element-5d49d477 elementor-widget elementor-widget-heading\" data-id=\"5d49d477\" data-element_type=\"widget\" data-widget_type=\"heading.default\">\n\t\t\t\t<div class=\"elementor-widget-container\">\n\t\t\t<h3 class=\"elementor-heading-title elementor-size-default\">Visi\u00f3n.<\/h3>\t\t<\/div>\n\t\t\t\t<\/div>\n\t\t\t\t<div class=\"elementor-element elementor-element-c9eda19 elementor-widget elementor-widget-text-editor\" data-id=\"c9eda19\" data-element_type=\"widget\" data-widget_type=\"text-editor.default\">\n\t\t\t\t<div class=\"elementor-widget-container\">\n\t\t\t\t\t\t\t<p><strong>C\u00f3digo:<\/strong> GE-OD-002<br \/><strong>Versi\u00f3n: <\/strong>01<strong><br \/><\/strong><strong>Fecha:\u00a0<\/strong>24-04-2023<\/p>\t\t\t\t\t\t<\/div>\n\t\t\t\t<\/div>\n\t\t\t\t<\/div>\n\t\t<div class=\"elementor-element elementor-element-2f666a01 e-con-full e-flex e-con e-child\" data-id=\"2f666a01\" data-element_type=\"container\" data-settings=\"{&quot;content_width&quot;:&quot;full&quot;}\">\n\t\t\t\t<div class=\"elementor-element elementor-element-648bc22f elementor-widget elementor-widget-text-editor\" data-id=\"648bc22f\" data-element_type=\"widget\" data-widget_type=\"text-editor.default\">\n\t\t\t\t<div class=\"elementor-widget-container\">\n\t\t\t\t\t\t\t<p>En el 2030 <strong>MEC\u00c1NICA DE SUELOS, PAVIMENTOS Y CONCRETOS S.A.S<\/strong>, ser\u00e1 una empresa reconocida a nivel nacional en la prestaci\u00f3n de servicios de laboratorio de suelos e ingenier\u00eda civil geot\u00e9cnica, a trav\u00e9s de la implementaci\u00f3n de est\u00e1ndares de calidad.<\/p>\t\t\t\t\t\t<\/div>\n\t\t\t\t<\/div>\n\t\t\t\t<\/div>\n\t\t\t\t\t<\/div>\n\t\t\t\t<\/div>\n\t\t\t\t\t<\/div>\n\t\t\t\t<\/div>\n\t\t<div class=\"elementor-element elementor-element-67b062c1 e-flex e-con-boxed e-con e-parent\" data-id=\"67b062c1\" data-element_type=\"container\" data-settings=\"{&quot;background_background&quot;:&quot;classic&quot;,&quot;content_width&quot;:&quot;boxed&quot;}\" data-core-v316-plus=\"true\">\n\t\t\t\t\t<div class=\"e-con-inner\">\n\t\t<div class=\"elementor-element elementor-element-5235de93 e-flex e-con-boxed e-con e-child\" data-id=\"5235de93\" data-element_type=\"container\" data-settings=\"{&quot;content_width&quot;:&quot;boxed&quot;}\">\n\t\t\t\t\t<div class=\"e-con-inner\">\n\t\t<div class=\"elementor-element elementor-element-5722f252 e-con-full e-flex elementor-invisible e-con e-child\" data-id=\"5722f252\" data-element_type=\"container\" data-settings=\"{&quot;content_width&quot;:&quot;full&quot;,&quot;animation&quot;:&quot;slideInLeft&quot;,&quot;background_background&quot;:&quot;classic&quot;}\">\n\t\t\t\t<div class=\"elementor-element elementor-element-39d4dd75 elementor-widget elementor-widget-heading\" data-id=\"39d4dd75\" data-element_type=\"widget\" data-widget_type=\"heading.default\">\n\t\t\t\t<div class=\"elementor-widget-container\">\n\t\t\t<h5 class=\"elementor-heading-title elementor-size-default\">03. MEC\u00c1NICA DE SUELOS PAVIMENTOS Y CONCRETOS S.A.S<\/h5>\t\t<\/div>\n\t\t\t\t<\/div>\n\t\t\t\t<div class=\"elementor-element elementor-element-1a937796 elementor-widget elementor-widget-heading\" data-id=\"1a937796\" data-element_type=\"widget\" data-widget_type=\"heading.default\">\n\t\t\t\t<div class=\"elementor-widget-container\">\n\t\t\t<h3 class=\"elementor-heading-title elementor-size-default\">Pol\u00edtica de Calidad<\/h3>\t\t<\/div>\n\t\t\t\t<\/div>\n\t\t\t\t<div class=\"elementor-element elementor-element-adcab86 elementor-widget elementor-widget-text-editor\" data-id=\"adcab86\" data-element_type=\"widget\" data-widget_type=\"text-editor.default\">\n\t\t\t\t<div class=\"elementor-widget-container\">\n\t\t\t\t\t\t\t<p><strong>C\u00f3digo:<\/strong> GE-PO-001<br \/><strong>Versi\u00f3n: <\/strong>02<strong><br \/><\/strong><strong>Fecha: <\/strong>09-01-2025<\/p>\t\t\t\t\t\t<\/div>\n\t\t\t\t<\/div>\n\t\t\t\t<div class=\"elementor-element elementor-element-faee323 elementor-align-left elementor-icon-list--layout-traditional elementor-list-item-link-full_width elementor-widget elementor-widget-icon-list\" data-id=\"faee323\" data-element_type=\"widget\" data-widget_type=\"icon-list.default\">\n\t\t\t\t<div class=\"elementor-widget-container\">\n\t\t\t<link rel=\"stylesheet\" href=\"https:\/\/mecanicasuelospavimentosconcretos.com\/content\/wp-content\/plugins\/elementor\/assets\/css\/widget-icon-list.min.css\">\t\t<ul class=\"elementor-icon-list-items\">\n\t\t\t\t\t\t\t<li class=\"elementor-icon-list-item\">\n\t\t\t\t\t\t\t\t\t\t<span class=\"elementor-icon-list-text\">En Mec\u00e1nica de Suelos, Pavimentos y Concretos S.A.S., prestamos servicios de consultor\u00eda en estudios de obras de ingenier\u00eda civil y control de calidad en obras civiles; contamos con amplia experiencia, conocimiento profesional y t\u00e9cnico orientado al acompa\u00f1amiento en los procesos constructivos.<\/span>\n\t\t\t\t\t\t\t\t\t<\/li>\n\t\t\t\t\t\t\t\t<li class=\"elementor-icon-list-item\">\n\t\t\t\t\t\t\t\t\t\t<span class=\"elementor-icon-list-text\">Estamos comprometidos con la satisfacci\u00f3n de las necesidades y expectativas de nuestros clientes en t\u00e9rminos de disponibilidad en la prestaci\u00f3n del servicio, confiabilidad y entrega oportuna de los resultados, mediante personal competente y organizaci\u00f3n empresarial.<\/span>\n\t\t\t\t\t\t\t\t\t<\/li>\n\t\t\t\t\t\t\t\t<li class=\"elementor-icon-list-item\">\n\t\t\t\t\t\t\t\t\t\t<span class=\"elementor-icon-list-text\">Cumplimos de manera estricta con los requisitos legales, reglamentarios y contractuales aplicables, as\u00ed como con los est\u00e1ndares de calidad establecidos, fomentando la mejora continua del Sistema de Gesti\u00f3n de la Calidad.<\/span>\n\t\t\t\t\t\t\t\t\t<\/li>\n\t\t\t\t\t\t\t\t<li class=\"elementor-icon-list-item\">\n\t\t\t\t\t\t\t\t\t\t<span class=\"elementor-icon-list-text\">Promovemos la rentabilidad econ\u00f3mica de la organizaci\u00f3n para su sostenibilidad, crecimiento y competitividad, asegurando la generaci\u00f3n de valor para todas las partes interesadas.<\/span>\n\t\t\t\t\t\t\t\t\t<\/li>\n\t\t\t\t\t\t\t\t<li class=\"elementor-icon-list-item\">\n\t\t\t\t\t\t\t\t\t\t<span class=\"elementor-icon-list-text\">Esta pol\u00edtica es comunicada, comprendida y aplicada en todos los niveles de la organizaci\u00f3n, y se encuentra disponible para las partes interesadas pertinentes.<\/span>\n\t\t\t\t\t\t\t\t\t<\/li>\n\t\t\t\t\t\t<\/ul>\n\t\t\t\t<\/div>\n\t\t\t\t<\/div>\n\t\t\t\t<\/div>\n\t\t<div class=\"elementor-element elementor-element-21431e0 e-con-full e-flex elementor-invisible e-con e-child\" data-id=\"21431e0\" data-element_type=\"container\" data-settings=\"{&quot;content_width&quot;:&quot;full&quot;,&quot;animation&quot;:&quot;slideInLeft&quot;,&quot;background_background&quot;:&quot;classic&quot;}\">\n\t\t\t\t<div class=\"elementor-element elementor-element-ab66cd5 elementor-widget elementor-widget-image\" data-id=\"ab66cd5\" data-element_type=\"widget\" data-widget_type=\"image.default\">\n\t\t\t\t<div class=\"elementor-widget-container\">\n\t\t\t\t\t\t\t\t\t\t\t\t\t<img decoding=\"async\" src=\"https:\/\/mecanicasuelospavimentosconcretos.com\/content\/wp-content\/uploads\/2024\/06\/foto-6-scaled.jpg\" title=\"foto 6\" alt=\"foto 6\" loading=\"lazy\" \/>\t\t\t\t\t\t\t\t\t\t\t\t\t<\/div>\n\t\t\t\t<\/div>\n\t\t\t\t<\/div>\n\t\t\t\t\t<\/div>\n\t\t\t\t<\/div>\n\t\t\t\t\t<\/div>\n\t\t\t\t<\/div>\n\t\t<div class=\"elementor-element elementor-element-75cd5b3 e-flex e-con-boxed e-con e-parent\" data-id=\"75cd5b3\" data-element_type=\"container\" data-settings=\"{&quot;background_background&quot;:&quot;classic&quot;,&quot;content_width&quot;:&quot;boxed&quot;}\" data-core-v316-plus=\"true\">\n\t\t\t\t\t<div class=\"e-con-inner\">\n\t\t<div class=\"elementor-element elementor-element-49a89be e-flex e-con-boxed e-con e-child\" data-id=\"49a89be\" data-element_type=\"container\" data-settings=\"{&quot;content_width&quot;:&quot;boxed&quot;}\">\n\t\t\t\t\t<div class=\"e-con-inner\">\n\t\t<div class=\"elementor-element elementor-element-5ecec6c e-con-full e-flex elementor-invisible e-con e-child\" data-id=\"5ecec6c\" data-element_type=\"container\" data-settings=\"{&quot;content_width&quot;:&quot;full&quot;,&quot;animation&quot;:&quot;slideInLeft&quot;}\">\n\t\t\t\t<div class=\"elementor-element elementor-element-f54937c elementor-widget elementor-widget-heading\" data-id=\"f54937c\" data-element_type=\"widget\" data-widget_type=\"heading.default\">\n\t\t\t\t<div class=\"elementor-widget-container\">\n\t\t\t<h5 class=\"elementor-heading-title elementor-size-default\">02.  MEC\u00c1NICA DE SUELOS PAVIMENTOS Y CONCRETOS S.A.S<\/h5>\t\t<\/div>\n\t\t\t\t<\/div>\n\t\t\t\t<div class=\"elementor-element elementor-element-e366c49 elementor-widget elementor-widget-heading\" data-id=\"e366c49\" data-element_type=\"widget\" data-widget_type=\"heading.default\">\n\t\t\t\t<div class=\"elementor-widget-container\">\n\t\t\t<h3 class=\"elementor-heading-title elementor-size-default\">Objetivos de Calidad.<\/h3>\t\t<\/div>\n\t\t\t\t<\/div>\n\t\t\t\t<div class=\"elementor-element elementor-element-a4a37f6 elementor-widget elementor-widget-text-editor\" data-id=\"a4a37f6\" data-element_type=\"widget\" data-widget_type=\"text-editor.default\">\n\t\t\t\t<div class=\"elementor-widget-container\">\n\t\t\t\t\t\t\t<p><strong>C\u00f3digo:<\/strong> GE-OD-004<br \/><strong>Versi\u00f3n: <\/strong>02<strong><br \/><\/strong><strong>Fecha: <\/strong>09-01-2025<\/p>\t\t\t\t\t\t<\/div>\n\t\t\t\t<\/div>\n\t\t\t\t<\/div>\n\t\t<div class=\"elementor-element elementor-element-f11f1f6 e-con-full e-flex e-con e-child\" data-id=\"f11f1f6\" data-element_type=\"container\" data-settings=\"{&quot;content_width&quot;:&quot;full&quot;}\">\n\t\t\t\t<div class=\"elementor-element elementor-element-a94353f elementor-widget elementor-widget-text-editor\" data-id=\"a94353f\" data-element_type=\"widget\" data-widget_type=\"text-editor.default\">\n\t\t\t\t<div class=\"elementor-widget-container\">\n\t\t\t\t\t\t\t<ul><li>Satisfacer las necesidades y expectativas de nuestros clientes.<\/li><li>Fortalecer la infraestructura de trabajo asegurando la disponibilidad en la prestaci\u00f3n del servicio.<\/li><li>Garantizar la confiabilidad de los resultados y el cumplimiento de requisitos aplicables.<\/li><li>Prestar el servicio de manera oportuna.<\/li><li>Fortalecer las competencias del personal involucrado en la prestaci\u00f3n del servicio.<\/li><li>Mejorar continuamente del Sistema de Gesti\u00f3n de la Calidad.<\/li><li>Promover la rentabilidad econ\u00f3mica de la organizaci\u00f3n asegurando su sostenibilidad, crecimiento y competitividad en el mercado.<\/li><\/ul>\t\t\t\t\t\t<\/div>\n\t\t\t\t<\/div>\n\t\t\t\t<\/div>\n\t\t\t\t\t<\/div>\n\t\t\t\t<\/div>\n\t\t\t\t\t<\/div>\n\t\t\t\t<\/div>\n\t\t\t\t<\/div>\n\t\t","protected":false},"excerpt":{"rendered":"<p>Acerca de Conoce acerca de Mec\u00e1nica de Suelos Pavimentos y Concretos S.A.S. 01. MEC\u00c1NICA DE SUELOS PAVIMENTOS Y CONCRETOS S.A.S Misi\u00f3n. C\u00f3digo: GE-OD-001Versi\u00f3n: 01Fecha:\u00a024-04-2023 Somos un laboratorio de suelos orientado al acompa\u00f1amiento en los procesos constructivos, consultor\u00eda e interventor\u00eda de obras civiles, con \u00e9nfasis en servicios de control de calidad; contamos con un personal profesional [&hellip;]<\/p>\n","protected":false},"author":1,"featured_media":0,"parent":0,"menu_order":0,"comment_status":"closed","ping_status":"closed","template":"","meta":{"footnotes":""},"_links":{"self":[{"href":"https:\/\/mecanicasuelospavimentosconcretos.com\/content\/wp-json\/wp\/v2\/pages\/103"}],"collection":[{"href":"https:\/\/mecanicasuelospavimentosconcretos.com\/content\/wp-json\/wp\/v2\/pages"}],"about":[{"href":"https:\/\/mecanicasuelospavimentosconcretos.com\/content\/wp-json\/wp\/v2\/types\/page"}],"author":[{"embeddable":true,"href":"https:\/\/mecanicasuelospavimentosconcretos.com\/content\/wp-json\/wp\/v2\/users\/1"}],"replies":[{"embeddable":true,"href":"https:\/\/mecanicasuelospavimentosconcretos.com\/content\/wp-json\/wp\/v2\/comments?post=103"}],"version-history":[{"count":58,"href":"https:\/\/mecanicasuelospavimentosconcretos.com\/content\/wp-json\/wp\/v2\/pages\/103\/revisions"}],"predecessor-version":[{"id":450,"href":"https:\/\/mecanicasuelospavimentosconcretos.com\/content\/wp-json\/wp\/v2\/pages\/103\/revisions\/450"}],"wp:attachment":[{"href":"https:\/\/mecanicasuelospavimentosconcretos.com\/content\/wp-json\/wp\/v2\/media?parent=103"}],"curies":[{"name":"wp","href":"https:\/\/api.w.org\/{rel}","templated":true}]}}